{"id":11,"date":"2024-11-12T19:22:49","date_gmt":"2024-11-12T19:22:49","guid":{"rendered":"https:\/\/josephine-hoy.com\/?page_id=11"},"modified":"2026-04-08T17:08:45","modified_gmt":"2026-04-08T17:08:45","slug":"tv-show","status":"publish","type":"page","link":"https:\/\/josephine-hoy.com\/index.php\/tv-show\/","title":{"rendered":"TV SHOW"},"content":{"rendered":"\n<div class=\"wp-block-columns alignwide is-layout-flex wp-container-core-columns-is-layout-28f84493 wp-block-columns-is-layout-flex\">\n<div class=\"wp-block-column is-vertically-aligned-top is-layout-flow wp-block-column-is-layout-flow\" style=\"flex-basis:40%\">\n<div class=\"wp-block-group is-content-justification-left is-layout-constrained wp-container-core-group-is-layout-9f6a7cea wp-block-group-is-layout-constrained\" style=\"margin-top:0;margin-bottom:0;padding-top:0;padding-bottom:0\">\n<div style=\"height:0px\" aria-hidden=\"true\" class=\"wp-block-spacer\"><\/div>\n\n\n\n<h3 class=\"wp-block-heading alignwide desktop has-inter-font-family\" style=\"margin-top:0;margin-bottom:0;font-size:22px;font-style:normal;font-weight:500\">PORTFOLIO<\/h3>\n\n\n<h1 style=\"font-size:55px;font-style:normal;font-weight:800; padding-top:0px;padding-bottom:0px;margin-bottom:0px;margin-top:-15px;\" class=\"alignwide desktop wp-block-post-title has-inter-font-family\">TV SHOW<\/h1>\n\n\n<h3 class=\"wp-block-heading alignwide mobilesp has-inter-font-family has-medium-font-size\" style=\"margin-top:0;margin-bottom:0;font-style:normal;font-weight:500\">PORTFOLIO<\/h3>\n\n\n<h1 style=\"font-size:35px;font-style:normal;font-weight:800; padding-top:0px;padding-bottom:0px;margin-bottom:0px;margin-top:-10px;\" class=\"alignwide mobilesp wp-block-post-title has-inter-font-family\">TV SHOW<\/h1>\n\n\n<div style=\"height:40px\" aria-hidden=\"true\" class=\"wp-block-spacer\"><\/div>\n\n\n\n<p><strong>Coming soon<\/strong><\/p>\n\n\n\n<div class=\"wp-block-group is-layout-constrained wp-block-group-is-layout-constrained\" style=\"margin-top:var(--wp--preset--spacing--30);margin-bottom:var(--wp--preset--spacing--30)\">\n<p class=\"has-foreground-color has-text-color has-link-color wp-elements-a623b038980fdd858fa6a082b3f82206\" style=\"margin-top:0;margin-bottom:0;padding-top:0;padding-bottom:0\">\u00cd Versta Falli<\/p>\n\n\n\n<p class=\"has-secondary-color has-text-color has-link-color wp-elements-2fd390c9d860c5899d5c01218cc2a8da\" style=\"margin-top:0px;padding-top:0;padding-bottom:0\">Hair and makeup designer<\/p>\n\n\n\n<p>Avalanche \/ Fl\u00f3\u00f0i\u00f0<\/p>\n\n\n\n<p class=\"has-secondary-color has-text-color has-link-color wp-elements-2fd390c9d860c5899d5c01218cc2a8da\" style=\"margin-top:0px;padding-top:0;padding-bottom:0\">Hair and makeup designer<\/p>\n\n\n\n<p><strong>2025<\/strong><\/p>\n\n\n\n<div class=\"wp-block-group is-layout-constrained wp-container-core-group-is-layout-eb5a687c wp-block-group-is-layout-constrained\" style=\"margin-top:var(--wp--preset--spacing--30);margin-bottom:var(--wp--preset--spacing--30)\">\n<p>Airbender Season 3<\/p>\n\n\n\n<p class=\"has-secondary-color has-text-color has-link-color wp-elements-df6c92aaffc5ef8cf0b946dce2017116\">Hair assistant: Iceland I HOD Danna Rutherford<br><\/p>\n<\/div>\n<\/div>\n\n\n\n<div class=\"wp-block-group is-layout-constrained wp-block-group-is-layout-constrained\">\n<p><strong>2024<\/strong><\/p>\n\n\n\n<div class=\"wp-block-group is-layout-constrained wp-container-core-group-is-layout-eb5a687c wp-block-group-is-layout-constrained\" style=\"margin-top:var(--wp--preset--spacing--30);margin-bottom:var(--wp--preset--spacing--30)\">\n<p>Vigd\u00eds<\/p>\n\n\n\n<p class=\"has-secondary-color has-text-color has-link-color wp-elements-8deb16ace0ed006c7b21c3839f3eb240\">Hair and makeup designer<br><\/p>\n<\/div>\n<\/div>\n\n\n\n<p><strong>2023<\/strong><\/p>\n\n\n\n<div class=\"wp-block-group is-layout-constrained wp-container-core-group-is-layout-eb5a687c wp-block-group-is-layout-constrained\" style=\"margin-top:var(--wp--preset--spacing--30);margin-bottom:var(--wp--preset--spacing--30)\">\n<p>A Murder at the End of the World<\/p>\n\n\n\n<p class=\"has-secondary-color has-text-color has-link-color wp-elements-75eb017ef65af3227c77160c5d054334\">Assistant hair stylist: Iceland | Designed by Joshua Gericke<\/p>\n<\/div>\n\n\n\n<div class=\"wp-block-group is-layout-constrained wp-container-core-group-is-layout-eb5a687c wp-block-group-is-layout-constrained\" style=\"margin-top:var(--wp--preset--spacing--30);margin-bottom:var(--wp--preset--spacing--30)\">\n<p>Afturelding<\/p>\n\n\n\n<p class=\"has-secondary-color has-text-color has-link-color wp-elements-ceefa8b733179457a0c1a0dbc8b32400\">Hair and makeup designer<\/p>\n<\/div>\n\n\n\n<div class=\"wp-block-group is-layout-constrained wp-container-core-group-is-layout-eb5a687c wp-block-group-is-layout-constrained\" style=\"margin-top:var(--wp--preset--spacing--30);margin-bottom:var(--wp--preset--spacing--30)\">\n<p>Awkwafina Is Nora from Queens S3<\/p>\n\n\n\n<p class=\"has-secondary-color has-text-color has-link-color wp-elements-0a6163c2d7fb09ea3db3940b27a69645\">Makeup and hair assistant: Iceland | Designed by Satoko Ichinose<\/p>\n<\/div>\n\n\n\n<div class=\"wp-block-group is-layout-constrained wp-container-core-group-is-layout-eb5a687c wp-block-group-is-layout-constrained\" style=\"margin-top:var(--wp--preset--spacing--30);margin-bottom:var(--wp--preset--spacing--30)\">\n<p>Venjulegt f\u00f3lk S6<\/p>\n\n\n\n<p class=\"has-secondary-color has-text-color has-link-color wp-elements-83a2f6d4c5e5c515f63c86b21d05bf57\">Wig knotter | Designed by Krist\u00edn Kristj\u00e1nsd\u00f3ttir<\/p>\n<\/div>\n\n\n\n<div style=\"height:20px\" aria-hidden=\"true\" class=\"wp-block-spacer\"><\/div>\n\n\n\n<p><strong>2022<\/strong><\/p>\n\n\n\n<div class=\"wp-block-group is-layout-constrained wp-container-core-group-is-layout-eb5a687c wp-block-group-is-layout-constrained\" style=\"margin-top:var(--wp--preset--spacing--30);margin-bottom:var(--wp--preset--spacing--30)\">\n<p>Andor S1<\/p>\n\n\n\n<p class=\"has-secondary-color has-text-color has-link-color wp-elements-3a30ea874c2e7e00738ee6df02dd1e76\">Crowd hair and makeup artist | Designed by Emma Scott<\/p>\n<\/div>\n\n\n\n<div class=\"wp-block-group is-layout-constrained wp-container-core-group-is-layout-eb5a687c wp-block-group-is-layout-constrained\" style=\"margin-top:var(--wp--preset--spacing--30);margin-bottom:var(--wp--preset--spacing--30)\">\n<p>The Flight Attendant S2<\/p>\n\n\n\n<p class=\"has-secondary-color has-text-color has-link-color wp-elements-d3a5eee4b4a65d36ec47b11e72b41972\">Assistant hairstylist: Iceland&nbsp;<\/p>\n<\/div>\n\n\n\n<div style=\"height:20px\" aria-hidden=\"true\" class=\"wp-block-spacer\"><\/div>\n\n\n\n<p><strong>2020<\/strong><\/p>\n\n\n\n<div class=\"wp-block-group is-layout-constrained wp-container-core-group-is-layout-eb5a687c wp-block-group-is-layout-constrained\" style=\"margin-top:var(--wp--preset--spacing--30);margin-bottom:var(--wp--preset--spacing--30)\">\n<p>Pennyworth&nbsp;S2<\/p>\n\n\n\n<p class=\"has-secondary-color has-text-color has-link-color wp-elements-5c1ef085d1e3eaedd5ed3f3c0fcada88\">Crowd hair and makeup Artist | Designed by Jane Walker<\/p>\n<\/div>\n\n\n\n<div class=\"wp-block-group is-layout-constrained wp-container-core-group-is-layout-eb5a687c wp-block-group-is-layout-constrained\" style=\"margin-top:var(--wp--preset--spacing--30);margin-bottom:var(--wp--preset--spacing--30)\">\n<p>Endeavour S7&nbsp;<\/p>\n\n\n\n<p class=\"has-secondary-color has-text-color has-link-color wp-elements-f7425019a2dddd0ed4634da5349f2958\">Crowd hair and makeup artist | Designed by Irene Napier<\/p>\n<\/div>\n\n\n\n<div style=\"height:20px\" aria-hidden=\"true\" class=\"wp-block-spacer\"><\/div>\n\n\n\n<p><strong>2019<\/strong><\/p>\n\n\n\n<div class=\"wp-block-group is-layout-constrained wp-container-core-group-is-layout-eb5a687c wp-block-group-is-layout-constrained\" style=\"margin-top:var(--wp--preset--spacing--30);margin-bottom:var(--wp--preset--spacing--30)\">\n<p>Call the Midwife S9<\/p>\n\n\n\n<p class=\"has-secondary-color has-text-color has-link-color wp-elements-9b318efabff8fb4215fcae996352de27\">Daily crowd hair and makeup artist | Designed by Stella O\u00b4Farrell<\/p>\n<\/div>\n\n\n\n<div style=\"height:20px\" aria-hidden=\"true\" class=\"wp-block-spacer\"><\/div>\n\n\n\n<p><strong>2017<\/strong><\/p>\n\n\n\n<div class=\"wp-block-group is-layout-constrained wp-container-core-group-is-layout-eb5a687c wp-block-group-is-layout-constrained\" style=\"margin-top:var(--wp--preset--spacing--30);margin-bottom:var(--wp--preset--spacing--30)\">\n<p>Pau, la forca d\u00b4un silenci<\/p>\n\n\n\n<p class=\"has-secondary-color has-text-color has-link-color wp-elements-4542ab65c46681b00f999baa2ed52b7a\">Makeup and hair assistant | Designed by Laura Bruy<\/p>\n<\/div>\n\n\n\n<p class=\"has-secondary-color has-text-color has-link-color wp-elements-9ab710cf8c468622e0769e4dc7d6d8ac\"><\/p>\n\n\n\n<div style=\"height:20px\" aria-hidden=\"true\" class=\"wp-block-spacer\"><\/div>\n\n\n\n<p><strong>20<\/strong>14<\/p>\n\n\n\n<div class=\"wp-block-group is-layout-constrained wp-container-core-group-is-layout-eb5a687c wp-block-group-is-layout-constrained\" style=\"margin-top:var(--wp--preset--spacing--30);margin-bottom:var(--wp--preset--spacing--30)\">\n<p>Un Village Fran\u00e7ais S7<\/p>\n\n\n\n<p class=\"has-secondary-color has-text-color has-link-color wp-elements-e52073109a5c83ff8d783c438417f460\">Additional crowd hairstylist | Key hair Christine Lambert <\/p>\n<\/div>\n<\/div>\n<\/div>\n\n\n\n<div class=\"wp-block-column is-layout-flow wp-block-column-is-layout-flow\" style=\"flex-basis:60%\">\n<figure class=\"wp-block-gallery has-nested-images columns-3 is-cropped wp-block-gallery-1 is-layout-flex wp-block-gallery-is-layout-flex\">\n<figure class=\"wp-block-image size-medium\"><img loading=\"lazy\" decoding=\"async\" width=\"300\" height=\"149\" data-id=\"459\" src=\"https:\/\/josephine-hoy.com\/wp-content\/uploads\/2024\/12\/Screenshot-2024-11-20-at-17.46.57-300x149.png\" alt=\"\" class=\"wp-image-459\" srcset=\"https:\/\/josephine-hoy.com\/wp-content\/uploads\/2024\/12\/Screenshot-2024-11-20-at-17.46.57-300x149.png 300w, https:\/\/josephine-hoy.com\/wp-content\/uploads\/2024\/12\/Screenshot-2024-11-20-at-17.46.57-1024x508.png 1024w, https:\/\/josephine-hoy.com\/wp-content\/uploads\/2024\/12\/Screenshot-2024-11-20-at-17.46.57-768x381.png 768w, https:\/\/josephine-hoy.com\/wp-content\/uploads\/2024\/12\/Screenshot-2024-11-20-at-17.46.57-1536x762.png 1536w, https:\/\/josephine-hoy.com\/wp-content\/uploads\/2024\/12\/Screenshot-2024-11-20-at-17.46.57.png 1678w\" sizes=\"auto, (max-width: 300px) 100vw, 300px\" \/><\/figure>\n\n\n\n<figure class=\"wp-block-image size-medium\"><img loading=\"lazy\" decoding=\"async\" width=\"300\" height=\"188\" data-id=\"479\" src=\"https:\/\/josephine-hoy.com\/wp-content\/uploads\/2024\/12\/Screenshot-2024-11-13-at-10.38.39-edited-1-300x188.png\" alt=\"\" class=\"wp-image-479\" srcset=\"https:\/\/josephine-hoy.com\/wp-content\/uploads\/2024\/12\/Screenshot-2024-11-13-at-10.38.39-edited-1-300x188.png 300w, https:\/\/josephine-hoy.com\/wp-content\/uploads\/2024\/12\/Screenshot-2024-11-13-at-10.38.39-edited-1-1024x640.png 1024w, https:\/\/josephine-hoy.com\/wp-content\/uploads\/2024\/12\/Screenshot-2024-11-13-at-10.38.39-edited-1-768x480.png 768w, https:\/\/josephine-hoy.com\/wp-content\/uploads\/2024\/12\/Screenshot-2024-11-13-at-10.38.39-edited-1-1536x960.png 1536w, https:\/\/josephine-hoy.com\/wp-content\/uploads\/2024\/12\/Screenshot-2024-11-13-at-10.38.39-edited-1-2048x1280.png 2048w\" sizes=\"auto, (max-width: 300px) 100vw, 300px\" \/><\/figure>\n\n\n\n<figure class=\"wp-block-image size-medium\"><img loading=\"lazy\" decoding=\"async\" width=\"300\" height=\"169\" data-id=\"470\" src=\"https:\/\/josephine-hoy.com\/wp-content\/uploads\/2024\/12\/Screenshot-2024-11-13-at-10.43.37-1-300x169.png\" alt=\"\" class=\"wp-image-470\" srcset=\"https:\/\/josephine-hoy.com\/wp-content\/uploads\/2024\/12\/Screenshot-2024-11-13-at-10.43.37-1-300x169.png 300w, https:\/\/josephine-hoy.com\/wp-content\/uploads\/2024\/12\/Screenshot-2024-11-13-at-10.43.37-1-1024x575.png 1024w, https:\/\/josephine-hoy.com\/wp-content\/uploads\/2024\/12\/Screenshot-2024-11-13-at-10.43.37-1-768x432.png 768w, https:\/\/josephine-hoy.com\/wp-content\/uploads\/2024\/12\/Screenshot-2024-11-13-at-10.43.37-1-1536x863.png 1536w, https:\/\/josephine-hoy.com\/wp-content\/uploads\/2024\/12\/Screenshot-2024-11-13-at-10.43.37-1-2048x1151.png 2048w\" sizes=\"auto, (max-width: 300px) 100vw, 300px\" \/><\/figure>\n\n\n\n<figure class=\"wp-block-image size-medium\"><img loading=\"lazy\" decoding=\"async\" width=\"212\" height=\"300\" data-id=\"325\" src=\"https:\/\/josephine-hoy.com\/wp-content\/uploads\/2024\/12\/Screenshot-2024-12-10-at-10.38.18-212x300.png\" alt=\"\" class=\"wp-image-325\" srcset=\"https:\/\/josephine-hoy.com\/wp-content\/uploads\/2024\/12\/Screenshot-2024-12-10-at-10.38.18-212x300.png 212w, https:\/\/josephine-hoy.com\/wp-content\/uploads\/2024\/12\/Screenshot-2024-12-10-at-10.38.18-724x1024.png 724w, https:\/\/josephine-hoy.com\/wp-content\/uploads\/2024\/12\/Screenshot-2024-12-10-at-10.38.18-768x1086.png 768w, https:\/\/josephine-hoy.com\/wp-content\/uploads\/2024\/12\/Screenshot-2024-12-10-at-10.38.18.png 898w\" sizes=\"auto, (max-width: 212px) 100vw, 212px\" \/><\/figure>\n\n\n\n<figure class=\"wp-block-image size-medium\"><img loading=\"lazy\" decoding=\"async\" width=\"241\" height=\"300\" data-id=\"556\" src=\"https:\/\/josephine-hoy.com\/wp-content\/uploads\/2024\/12\/AINFQ_S3_KeyArt_v1-002-241x300.jpg\" alt=\"\" class=\"wp-image-556\" srcset=\"https:\/\/josephine-hoy.com\/wp-content\/uploads\/2024\/12\/AINFQ_S3_KeyArt_v1-002-241x300.jpg 241w, https:\/\/josephine-hoy.com\/wp-content\/uploads\/2024\/12\/AINFQ_S3_KeyArt_v1-002-823x1024.jpg 823w, https:\/\/josephine-hoy.com\/wp-content\/uploads\/2024\/12\/AINFQ_S3_KeyArt_v1-002-768x956.jpg 768w, https:\/\/josephine-hoy.com\/wp-content\/uploads\/2024\/12\/AINFQ_S3_KeyArt_v1-002.jpg 1176w\" sizes=\"auto, (max-width: 241px) 100vw, 241px\" \/><\/figure>\n\n\n\n<figure class=\"wp-block-image size-medium\"><img loading=\"lazy\" decoding=\"async\" width=\"205\" height=\"300\" data-id=\"552\" src=\"https:\/\/josephine-hoy.com\/wp-content\/uploads\/2024\/12\/Screenshot-2024-12-13-at-19.01.57-205x300.png\" alt=\"\" class=\"wp-image-552\" srcset=\"https:\/\/josephine-hoy.com\/wp-content\/uploads\/2024\/12\/Screenshot-2024-12-13-at-19.01.57-205x300.png 205w, https:\/\/josephine-hoy.com\/wp-content\/uploads\/2024\/12\/Screenshot-2024-12-13-at-19.01.57-699x1024.png 699w, https:\/\/josephine-hoy.com\/wp-content\/uploads\/2024\/12\/Screenshot-2024-12-13-at-19.01.57-768x1125.png 768w, https:\/\/josephine-hoy.com\/wp-content\/uploads\/2024\/12\/Screenshot-2024-12-13-at-19.01.57.png 882w\" sizes=\"auto, (max-width: 205px) 100vw, 205px\" \/><\/figure>\n\n\n\n<figure class=\"wp-block-image size-medium\"><img loading=\"lazy\" decoding=\"async\" width=\"203\" height=\"300\" data-id=\"317\" src=\"https:\/\/josephine-hoy.com\/wp-content\/uploads\/2024\/12\/75e1slzyn2l91-203x300.jpg\" alt=\"\" class=\"wp-image-317\" srcset=\"https:\/\/josephine-hoy.com\/wp-content\/uploads\/2024\/12\/75e1slzyn2l91-203x300.jpg 203w, https:\/\/josephine-hoy.com\/wp-content\/uploads\/2024\/12\/75e1slzyn2l91-692x1024.jpg 692w, https:\/\/josephine-hoy.com\/wp-content\/uploads\/2024\/12\/75e1slzyn2l91.jpg 743w\" sizes=\"auto, (max-width: 203px) 100vw, 203px\" \/><\/figure>\n\n\n\n<figure class=\"wp-block-image size-medium\"><img loading=\"lazy\" decoding=\"async\" width=\"240\" height=\"300\" data-id=\"319\" src=\"https:\/\/josephine-hoy.com\/wp-content\/uploads\/2024\/12\/MV5BZjA2YmUwMjgtMWJlNy00OGYzLTk2MjYtZDgwMjA4YmRkNzkyXkEyXkFqcGc@._V1_FMjpg_UX1000_-240x300.jpg\" alt=\"\" class=\"wp-image-319\" srcset=\"https:\/\/josephine-hoy.com\/wp-content\/uploads\/2024\/12\/MV5BZjA2YmUwMjgtMWJlNy00OGYzLTk2MjYtZDgwMjA4YmRkNzkyXkEyXkFqcGc@._V1_FMjpg_UX1000_-240x300.jpg 240w, https:\/\/josephine-hoy.com\/wp-content\/uploads\/2024\/12\/MV5BZjA2YmUwMjgtMWJlNy00OGYzLTk2MjYtZDgwMjA4YmRkNzkyXkEyXkFqcGc@._V1_FMjpg_UX1000_-819x1024.jpg 819w, https:\/\/josephine-hoy.com\/wp-content\/uploads\/2024\/12\/MV5BZjA2YmUwMjgtMWJlNy00OGYzLTk2MjYtZDgwMjA4YmRkNzkyXkEyXkFqcGc@._V1_FMjpg_UX1000_-768x960.jpg 768w, https:\/\/josephine-hoy.com\/wp-content\/uploads\/2024\/12\/MV5BZjA2YmUwMjgtMWJlNy00OGYzLTk2MjYtZDgwMjA4YmRkNzkyXkEyXkFqcGc@._V1_FMjpg_UX1000_.jpg 1000w\" sizes=\"auto, (max-width: 240px) 100vw, 240px\" \/><\/figure>\n\n\n\n<figure class=\"wp-block-image size-medium\"><img loading=\"lazy\" decoding=\"async\" width=\"203\" height=\"300\" data-id=\"320\" src=\"https:\/\/josephine-hoy.com\/wp-content\/uploads\/2024\/12\/new-pennyworth-season-2-poster-v0-nmp9yb09uued1.jpeg-203x300.webp\" alt=\"\" class=\"wp-image-320\" srcset=\"https:\/\/josephine-hoy.com\/wp-content\/uploads\/2024\/12\/new-pennyworth-season-2-poster-v0-nmp9yb09uued1.jpeg-203x300.webp 203w, https:\/\/josephine-hoy.com\/wp-content\/uploads\/2024\/12\/new-pennyworth-season-2-poster-v0-nmp9yb09uued1.jpeg.webp 640w\" sizes=\"auto, (max-width: 203px) 100vw, 203px\" \/><\/figure>\n\n\n\n<figure class=\"wp-block-image size-medium\"><img loading=\"lazy\" decoding=\"async\" width=\"213\" height=\"300\" data-id=\"453\" src=\"https:\/\/josephine-hoy.com\/wp-content\/uploads\/2024\/12\/Screenshot-2024-12-11-at-14.06.08-213x300.png\" alt=\"\" class=\"wp-image-453\" srcset=\"https:\/\/josephine-hoy.com\/wp-content\/uploads\/2024\/12\/Screenshot-2024-12-11-at-14.06.08-213x300.png 213w, https:\/\/josephine-hoy.com\/wp-content\/uploads\/2024\/12\/Screenshot-2024-12-11-at-14.06.08-727x1024.png 727w, https:\/\/josephine-hoy.com\/wp-content\/uploads\/2024\/12\/Screenshot-2024-12-11-at-14.06.08-768x1082.png 768w, https:\/\/josephine-hoy.com\/wp-content\/uploads\/2024\/12\/Screenshot-2024-12-11-at-14.06.08.png 906w\" sizes=\"auto, (max-width: 213px) 100vw, 213px\" \/><\/figure>\n\n\n\n<figure class=\"wp-block-image size-medium\"><img loading=\"lazy\" decoding=\"async\" width=\"203\" height=\"300\" data-id=\"322\" src=\"https:\/\/josephine-hoy.com\/wp-content\/uploads\/2024\/12\/ems.cHJkLWVtcy1hc3NldHMvdHZzZWFzb24vYjM5MGY0YTQtOTc4NC00YmFmLTkwYzItM2ZkYTJlY2U3ZTFkLmpwZw-203x300.jpeg\" alt=\"\" class=\"wp-image-322\" srcset=\"https:\/\/josephine-hoy.com\/wp-content\/uploads\/2024\/12\/ems.cHJkLWVtcy1hc3NldHMvdHZzZWFzb24vYjM5MGY0YTQtOTc4NC00YmFmLTkwYzItM2ZkYTJlY2U3ZTFkLmpwZw-203x300.jpeg 203w, https:\/\/josephine-hoy.com\/wp-content\/uploads\/2024\/12\/ems.cHJkLWVtcy1hc3NldHMvdHZzZWFzb24vYjM5MGY0YTQtOTc4NC00YmFmLTkwYzItM2ZkYTJlY2U3ZTFkLmpwZw-691x1024.jpeg 691w, https:\/\/josephine-hoy.com\/wp-content\/uploads\/2024\/12\/ems.cHJkLWVtcy1hc3NldHMvdHZzZWFzb24vYjM5MGY0YTQtOTc4NC00YmFmLTkwYzItM2ZkYTJlY2U3ZTFkLmpwZw-768x1138.jpeg 768w, https:\/\/josephine-hoy.com\/wp-content\/uploads\/2024\/12\/ems.cHJkLWVtcy1hc3NldHMvdHZzZWFzb24vYjM5MGY0YTQtOTc4NC00YmFmLTkwYzItM2ZkYTJlY2U3ZTFkLmpwZw-1037x1536.jpeg 1037w, https:\/\/josephine-hoy.com\/wp-content\/uploads\/2024\/12\/ems.cHJkLWVtcy1hc3NldHMvdHZzZWFzb24vYjM5MGY0YTQtOTc4NC00YmFmLTkwYzItM2ZkYTJlY2U3ZTFkLmpwZw.jpeg 1296w\" sizes=\"auto, (max-width: 203px) 100vw, 203px\" \/><\/figure>\n\n\n\n<figure class=\"wp-block-image size-medium\"><img loading=\"lazy\" decoding=\"async\" width=\"200\" height=\"300\" data-id=\"327\" src=\"https:\/\/josephine-hoy.com\/wp-content\/uploads\/2024\/12\/b1p0nL00x563ACkcmGNIRP4ZnkA-200x300.jpg\" alt=\"\" class=\"wp-image-327\" srcset=\"https:\/\/josephine-hoy.com\/wp-content\/uploads\/2024\/12\/b1p0nL00x563ACkcmGNIRP4ZnkA-200x300.jpg 200w, https:\/\/josephine-hoy.com\/wp-content\/uploads\/2024\/12\/b1p0nL00x563ACkcmGNIRP4ZnkA.jpg 588w\" sizes=\"auto, (max-width: 200px) 100vw, 200px\" \/><\/figure>\n\n\n\n<figure class=\"wp-block-image size-medium\"><img loading=\"lazy\" decoding=\"async\" width=\"209\" height=\"300\" data-id=\"558\" src=\"https:\/\/josephine-hoy.com\/wp-content\/uploads\/2024\/12\/MV5BMWVmZTg1MWYtYjJjNS00OTNiLWFiMDAtNzg3NDhiZTA4ZWRmXkEyXkFqcGc@._V1_-209x300.jpg\" alt=\"\" class=\"wp-image-558\" srcset=\"https:\/\/josephine-hoy.com\/wp-content\/uploads\/2024\/12\/MV5BMWVmZTg1MWYtYjJjNS00OTNiLWFiMDAtNzg3NDhiZTA4ZWRmXkEyXkFqcGc@._V1_-209x300.jpg 209w, https:\/\/josephine-hoy.com\/wp-content\/uploads\/2024\/12\/MV5BMWVmZTg1MWYtYjJjNS00OTNiLWFiMDAtNzg3NDhiZTA4ZWRmXkEyXkFqcGc@._V1_-713x1024.jpg 713w, https:\/\/josephine-hoy.com\/wp-content\/uploads\/2024\/12\/MV5BMWVmZTg1MWYtYjJjNS00OTNiLWFiMDAtNzg3NDhiZTA4ZWRmXkEyXkFqcGc@._V1_-768x1104.jpg 768w, https:\/\/josephine-hoy.com\/wp-content\/uploads\/2024\/12\/MV5BMWVmZTg1MWYtYjJjNS00OTNiLWFiMDAtNzg3NDhiZTA4ZWRmXkEyXkFqcGc@._V1_.jpg 835w\" sizes=\"auto, (max-width: 209px) 100vw, 209px\" \/><\/figure>\n\n\n\n<figure class=\"wp-block-image size-medium\"><img loading=\"lazy\" decoding=\"async\" width=\"210\" height=\"300\" data-id=\"561\" src=\"https:\/\/josephine-hoy.com\/wp-content\/uploads\/2024\/12\/season-7-210x300.jpg\" alt=\"\" class=\"wp-image-561\" srcset=\"https:\/\/josephine-hoy.com\/wp-content\/uploads\/2024\/12\/season-7-210x300.jpg 210w, https:\/\/josephine-hoy.com\/wp-content\/uploads\/2024\/12\/season-7.jpg 718w\" sizes=\"auto, (max-width: 210px) 100vw, 210px\" \/><\/figure>\n\n\n\n<figure class=\"wp-block-image size-medium\"><img loading=\"lazy\" decoding=\"async\" width=\"300\" height=\"225\" data-id=\"560\" src=\"https:\/\/josephine-hoy.com\/wp-content\/uploads\/2024\/12\/96ae6eacf562a0dbfda9cb4f725c87da28a414ce03a57e72c5d7c50a7bb21a20-300x225.jpg\" alt=\"\" class=\"wp-image-560\" srcset=\"https:\/\/josephine-hoy.com\/wp-content\/uploads\/2024\/12\/96ae6eacf562a0dbfda9cb4f725c87da28a414ce03a57e72c5d7c50a7bb21a20-300x225.jpg 300w, https:\/\/josephine-hoy.com\/wp-content\/uploads\/2024\/12\/96ae6eacf562a0dbfda9cb4f725c87da28a414ce03a57e72c5d7c50a7bb21a20-1024x768.jpg 1024w, https:\/\/josephine-hoy.com\/wp-content\/uploads\/2024\/12\/96ae6eacf562a0dbfda9cb4f725c87da28a414ce03a57e72c5d7c50a7bb21a20-768x576.jpg 768w, https:\/\/josephine-hoy.com\/wp-content\/uploads\/2024\/12\/96ae6eacf562a0dbfda9cb4f725c87da28a414ce03a57e72c5d7c50a7bb21a20-1536x1152.jpg 1536w, https:\/\/josephine-hoy.com\/wp-content\/uploads\/2024\/12\/96ae6eacf562a0dbfda9cb4f725c87da28a414ce03a57e72c5d7c50a7bb21a20-2048x1536.jpg 2048w\" sizes=\"auto, (max-width: 300px) 100vw, 300px\" \/><\/figure>\n<\/figure>\n<\/div>\n<\/div>\n\n\n\n<p><\/p>\n","protected":false},"excerpt":{"rendered":"<p>PORTFOLIO PORTFOLIO Coming soon \u00cd Versta Falli Hair and makeup designer Avalanche \/ Fl\u00f3\u00f0i\u00f0 Hair and makeup designer 2025 Airbender Season 3 Hair assistant: Iceland I HOD Danna Rutherford 2024 Vigd\u00eds Hair and makeup designer 2023 A Murder at the End of the World Assistant hair stylist: Iceland | Designed by Joshua Gericke Afturelding Hair [&hellip;]<\/p>\n","protected":false},"author":1,"featured_media":0,"parent":0,"menu_order":0,"comment_status":"closed","ping_status":"closed","template":"page-no-separators","meta":{"footnotes":""},"class_list":["post-11","page","type-page","status-publish","hentry"],"_links":{"self":[{"href":"https:\/\/josephine-hoy.com\/index.php\/wp-json\/wp\/v2\/pages\/11","targetHints":{"allow":["GET"]}}],"collection":[{"href":"https:\/\/josephine-hoy.com\/index.php\/wp-json\/wp\/v2\/pages"}],"about":[{"href":"https:\/\/josephine-hoy.com\/index.php\/wp-json\/wp\/v2\/types\/page"}],"author":[{"embeddable":true,"href":"https:\/\/josephine-hoy.com\/index.php\/wp-json\/wp\/v2\/users\/1"}],"replies":[{"embeddable":true,"href":"https:\/\/josephine-hoy.com\/index.php\/wp-json\/wp\/v2\/comments?post=11"}],"version-history":[{"count":19,"href":"https:\/\/josephine-hoy.com\/index.php\/wp-json\/wp\/v2\/pages\/11\/revisions"}],"predecessor-version":[{"id":588,"href":"https:\/\/josephine-hoy.com\/index.php\/wp-json\/wp\/v2\/pages\/11\/revisions\/588"}],"wp:attachment":[{"href":"https:\/\/josephine-hoy.com\/index.php\/wp-json\/wp\/v2\/media?parent=11"}],"curies":[{"name":"wp","href":"https:\/\/api.w.org\/{rel}","templated":true}]}}